{"id":3212,"date":"2017-05-23T13:44:26","date_gmt":"2017-05-23T16:44:26","guid":{"rendered":"http:\/\/flavialippi.com.br\/schedule-a-time\/"},"modified":"2022-12-15T09:18:10","modified_gmt":"2022-12-15T12:18:10","slug":"schedule-a-time","status":"publish","type":"page","link":"https:\/\/flavialippi.com.br\/en\/schedule-a-time\/","title":{"rendered":"Schedule a time"},"content":{"rendered":"<p>contato@idhl.com.br<br \/>\n(55) 11 99638 1468<\/p>\n<h2 style=\"text-align: left;\">Select the type of schedule you need:<\/h2>\n<ul class=\"agenda-destaque\">\n<li>5 days a month I attend my office in Belo Horizonte.<\/li>\n<li>We issue legal invoices for companies.<\/li>\n<\/ul>\n\r\n<link rel=\"stylesheet\" href=\"https:\/\/cdnjs.cloudflare.com\/ajax\/libs\/pickadate.js\/3.5.6\/compressed\/themes\/classic.css\">\r\n<link rel=\"stylesheet\" href=\"https:\/\/cdnjs.cloudflare.com\/ajax\/libs\/pickadate.js\/3.5.6\/compressed\/themes\/classic.date.css\">\r\n<link rel=\"stylesheet\" href=\"https:\/\/cdnjs.cloudflare.com\/ajax\/libs\/pickadate.js\/3.5.6\/compressed\/themes\/classic.time.css\">\r\n\r\n<form method=\"POST\" id=\"agenda-form\">\r\n \r\n\t<div class=\"agendamento-section agendamento-grid\">\r\n\t\t\t\t<label class=\"agendamento\">\r\n\t\t\t<input type=\"radio\" name=\"tipos-de-agendamento\" value=\"81\" required>\r\n\t\t\t<span class=\"agenda-check\"><\/span>\r\n\t\t\t<div class=\"agendamento-title\">Counselling of well-being<\/div>\r\n\t\t\t<div class=\"agendamento-desc\">It is listening and welcoming. The technique values \u200b\u200bthe human relationship and focuses on the person, not on the problem they present.<\/div>\r\n\t\t<\/label>\r\n\t\t\t\t<label class=\"agendamento\">\r\n\t\t\t<input type=\"radio\" name=\"tipos-de-agendamento\" value=\"84\" required>\r\n\t\t\t<span class=\"agenda-check\"><\/span>\r\n\t\t\t<div class=\"agendamento-title\">Emotional Management in Organizations<\/div>\r\n\t\t\t<div class=\"agendamento-desc\"><p>CEB is a program that helps you learn more about your emotions and also about the people you live with.<\/p>\n<\/div>\r\n\t\t<\/label>\r\n\t\t\t\t<label class=\"agendamento\">\r\n\t\t\t<input type=\"radio\" name=\"tipos-de-agendamento\" value=\"43\" required>\r\n\t\t\t<span class=\"agenda-check\"><\/span>\r\n\t\t\t<div class=\"agendamento-title\">Immersion weekend or two days during the week<\/div>\r\n\t\t\t<div class=\"agendamento-desc\"><p>Extraordinary weekend immersion in a charming location that provides the disconnection of your everyday tensions.<\/p>\n<p><a target=\"_blank\" href=\"http:\/\/flavialippi.com.br\/imersao\/\" target=\"_blank\" rel=\"noopener noreferrer\">Know more \u00bb<\/a><\/p>\n<\/div>\r\n\t\t<\/label>\r\n\t\t\t\t<label class=\"agendamento\">\r\n\t\t\t<input type=\"radio\" name=\"tipos-de-agendamento\" value=\"82\" required>\r\n\t\t\t<span class=\"agenda-check\"><\/span>\r\n\t\t\t<div class=\"agendamento-title\">Immersive Face-to-Face Experiences of Self-Awareness<\/div>\r\n\t\t\t<div class=\"agendamento-desc\">For you who want to feel whole in the most precious areas of life and are tired of the anxiety of living in a vicious cycle of seeking more money, more work and more success.<\/div>\r\n\t\t<\/label>\r\n\t\t\t\t<label class=\"agendamento\">\r\n\t\t\t<input type=\"radio\" name=\"tipos-de-agendamento\" value=\"45\" required>\r\n\t\t\t<span class=\"agenda-check\"><\/span>\r\n\t\t\t<div class=\"agendamento-title\">Lectures, Workshops and Immersions<\/div>\r\n\t\t\t<div class=\"agendamento-desc\"><p>I offer pre-established contents or customized content according to the customer&#8217;s needs.<\/p>\n<p><a target=\"_blank\" href=\"http:\/\/flavialippi.com.br\/meu-trabalho\/palestras-workshops-e-imersoes\/\">Know more \u00bb<\/a><\/p>\n<\/div>\r\n\t\t<\/label>\r\n\t\t\t\t<label class=\"agendamento\">\r\n\t\t\t<input type=\"radio\" name=\"tipos-de-agendamento\" value=\"41\" required>\r\n\t\t\t<span class=\"agenda-check\"><\/span>\r\n\t\t\t<div class=\"agendamento-title\">Mentoring<\/div>\r\n\t\t\t<div class=\"agendamento-desc\"><p>For CEO&#8217;S, Entrepreneurs, Counselors and C-Level Executives with the aim of instigating them to reflect on their careers and lives, make relevant decisions.<a target=\"_blank\" href=\"http:\/\/flavialippi.com.br\/meu-trabalho\/executive-life-career-strategy\/\">Know more \u00bb<\/a><\/p>\n<\/div>\r\n\t\t<\/label>\r\n\t\t\t\t<label class=\"agendamento\">\r\n\t\t\t<input type=\"radio\" name=\"tipos-de-agendamento\" value=\"80\" required>\r\n\t\t\t<span class=\"agenda-check\"><\/span>\r\n\t\t\t<div class=\"agendamento-title\">Special classes<\/div>\r\n\t\t\t<div class=\"agendamento-desc\">Classes created with exclusivity and depth for Business, Science, Technology and Human Soul schools.<\/div>\r\n\t\t<\/label>\r\n\t\t\t\t<label class=\"agendamento\">\r\n\t\t\t<input type=\"radio\" name=\"tipos-de-agendamento\" value=\"47\" required>\r\n\t\t\t<span class=\"agenda-check\"><\/span>\r\n\t\t\t<div class=\"agendamento-title\">Tailored Meditation<\/div>\r\n\t\t\t<div class=\"agendamento-desc\"><p>It reduces anxiety, improves depression, chronic pain, lowers heart rate, controls blood pressure, improves sleep, increases focus and performance at work.<\/p>\n<p><a href=\"http:\/\/flavialippi.com.br\/meditacao-sob-medida\/\" target=\"_blank\" rel=\"noopener\">Know more \u00bb<\/a><\/p>\n<\/div>\r\n\t\t<\/label>\r\n\t\t\t<\/div>\r\n\r\n\t<div class=\"agendamento-section jump1\">\r\n\t\t<p><strong>Choose an option:<\/strong><\/p>\r\n\t\t<p class=\"p-small\">(select a schedule type for the options to appear)<\/p>\r\n\t\t\t\t<div class=\"agendamento-options\" data-term-id=\"81\">\r\n\t\t\t\t\t<\/div>\r\n\t\t\t\t<div class=\"agendamento-options\" data-term-id=\"84\">\r\n\t\t\t\t\t<\/div>\r\n\t\t\t\t<div class=\"agendamento-options\" data-term-id=\"43\">\r\n\t\t\t\t\t\t<label class=\"agendamento-item\" >\r\n\t\t\t\t<input type=\"radio\" name=\"agendamento-option\" value=\"0\" required> 2 days\t\t\t<\/label>\r\n\t\t\t\t\t<\/div>\r\n\t\t\t\t<div class=\"agendamento-options\" data-term-id=\"82\">\r\n\t\t\t\t\t<\/div>\r\n\t\t\t\t<div class=\"agendamento-options\" data-term-id=\"45\">\r\n\t\t\t\t\t\t<label class=\"agendamento-item\" >\r\n\t\t\t\t<input type=\"radio\" name=\"agendamento-option\" value=\"0\" required> Reuni\u00e3o 1h10\t\t\t<\/label>\r\n\t\t\t\t\t<\/div>\r\n\t\t\t\t<div class=\"agendamento-options\" data-term-id=\"41\">\r\n\t\t\t\t\t\t<label class=\"agendamento-item\" >\r\n\t\t\t\t<input type=\"radio\" name=\"agendamento-option\" value=\"0\" required> Diagn\u00f3stico 1h10\t\t\t<\/label>\r\n\t\t\t\t\t\t<label class=\"agendamento-item\" >\r\n\t\t\t\t<input type=\"radio\" name=\"agendamento-option\" value=\"1\" required> Sess\u00e3o 1h10 (para quem j\u00e1 fez diagn\u00f3stico)\t\t\t<\/label>\r\n\t\t\t\t\t\t<label class=\"agendamento-item\" >\r\n\t\t\t\t<input type=\"radio\" name=\"agendamento-option\" value=\"2\" required> Sess\u00e3o 2h20\t\t\t<\/label>\r\n\t\t\t\t\t\t<label class=\"agendamento-item\" >\r\n\t\t\t\t<input type=\"radio\" name=\"agendamento-option\" value=\"3\" required> Sess\u00e3o de alto impacto 4h\t\t\t<\/label>\r\n\t\t\t\t\t\t<label class=\"agendamento-item\" >\r\n\t\t\t\t<input type=\"radio\" name=\"agendamento-option\" value=\"4\" required> Um dia de alto impacto 10h\t\t\t<\/label>\r\n\t\t\t\t\t<\/div>\r\n\t\t\t\t<div class=\"agendamento-options\" data-term-id=\"80\">\r\n\t\t\t\t\t<\/div>\r\n\t\t\t\t<div class=\"agendamento-options\" data-term-id=\"47\">\r\n\t\t\t\t\t\t<label class=\"agendamento-item\" >\r\n\t\t\t\t<input type=\"radio\" name=\"agendamento-option\" value=\"0\" required> Sess\u00e3o 1h\t\t\t<\/label>\r\n\t\t\t\t\t<\/div>\r\n\t\t\r\n\t<\/div>\r\n\t\t<div class=\"agendamento-section\">\r\n\r\n\t\t<div class=\"agendamento-locais\" >\r\n\t\t\t<label class=\"agendamento-item-local\">\r\n\t\t\t\t<input type=\"radio\" name=\"agendamento-local\" value=\"Online\" required> Online service\t\t\t\t<div class=\"agendamento-item-txt\">\r\n\t\t\t\t\t<p>If you have a very short time we do all the ONLINE meetings. There is no harm to you or to us in this form of care.<\/p>\r\n\t\t\t\t\t<p><strong>Dr. Lippi and Fl\u00e1via Lippi, founders of the Institute will have more opportunity to talk to you if it is ONLINE.<\/strong><\/p>\r\n\t\t\t\t<\/div>\r\n\t\t\t<\/label>\r\n\t\t\t<label class=\"agendamento-item\">\r\n\t\t\t\t<input type=\"radio\" name=\"agendamento-local\" value=\"Presencial\"> Personal assistance\t\t\t\t<div class=\"agendamento-item-txt\">\r\n\t\t\t\t\t<p>5 days a month I attend my office in Belo Horizonte.<\/p>\r\n\t\t\t\t<\/div>\r\n\t\t\t<\/label>\r\n\t\t<\/div>\r\n\t\t<\/div>\r\n\r\n\t\t<div class=\"agendamento-section\" id=\"at-pres\" style=\"display: none;\">\r\n\t\t\t<p><strong>Escolha um local para o atendimento:<\/strong><\/p>\r\n\t\t\t<p>\r\n\t\t\t\t<label><input type=\"radio\" name=\"Local\" value=\"S\u00e3o Paulo\"> S\u00e3o Paulo<\/label><br>\r\n\t\t\t\t<label><input type=\"radio\" name=\"Local\" value=\"Belo Horizonte\"> Belo Horizonte<\/label><br>\r\n\t\t\t\t<label><input type=\"radio\" name=\"Local\" value=\"Outros Estados\"> Outros Estados<\/label><br>\r\n\t\t\t\t<label><input type=\"radio\" name=\"Local\" value=\"Outros Pa\u00edses\"> Outros Pa\u00edses<\/label>\r\n\t\t\t<\/p>\r\n\t\t<\/div>\r\n\r\n\t\t<div class=\"agendamento-section\">\r\n\r\n\r\n\t\t<div class=\"js-agendamento-2\">\r\n\t\t\t<p><strong>Choose a day and time below:<\/strong><\/p>\r\n\t\t\t<input type=\"date\" class=\"datepicker\" name=\"date\" placeholder=\"Select the day\" required>\r\n\t\t\t<input type=\"time\"  class=\"timepicker\" name=\"time\" placeholder=\"Select the time\" required>\r\n\t\t<\/div>\r\n\t\t<p><strong>Fill in your details:<\/strong><\/p>\r\n\t\t<input type=\"text\" id=\"nome\" name=\"Nome\" class=\"agendamento-input\" required placeholder=\"Name\">\r\n\t\t<input type=\"email\" id=\"email\" name=\"Email\" class=\"agendamento-input\" required placeholder=\"Email\">\r\n\t\t<input type=\"text\" id=\"tel\" name=\"Telefone\" class=\"agendamento-input\" required placeholder=\"Telephone\">\r\n\t\t\t<p>\r\n\t\t\t\t<strong>In order for you to be better served, answer these questions and detail what you need):<\/strong>\r\n\t\t\t\t<div class=\"label-msg\">\r\n\t\t\t\t- What are you feeling?<br>\r\n\t\t\t\t- Is it personal or professional or both?<br>\r\n\t\t\t\t- What do you expect from our team of professionals?<br>\r\n\t\t\t\t- Is it urgent?\t\t\t\t<\/div>\r\n\t\t\t<\/p>\r\n\t\t<textarea name=\"Mensagem\" id=\"mensagem\" class=\"agendamento-textarea\" placeholder=\"Message\"><\/textarea>\r\n\r\n\t<\/div>\r\n\r\n\t<div class=\"agendamento-section\">\r\n\t\t<p class=\"agendamento-msg\">Warning: <strong>Your schedule is not yet verified.<\/strong><br>We will contact you when everything is ok.<\/p>\r\n\t\t<input type=\"submit\" value=\"Schedule\" class=\"bt bt-block bt-agendamento\">\r\n\t\t<input type=\"hidden\" id=\"flAgenda\" name=\"flAgenda\" value=\"dc655f6f86\" \/><input type=\"hidden\" name=\"_wp_http_referer\" value=\"\/en\/wp-json\/wp\/v2\/pages\/3212\" \/>\t<\/div>\r\n\r\n\r\n<\/form>\r\n\r\n\n","protected":false},"excerpt":{"rendered":"<p>contato@idhl.com.br (55) 11 99638 1468 Select the type of schedule you need: 5 days a month I attend my office in Belo Horizonte. We issue legal invoices for companies.<\/p>\n","protected":false},"author":3,"featured_media":0,"parent":0,"menu_order":32,"comment_status":"closed","ping_status":"closed","template":"","meta":{"_acf_changed":false,"slim_seo":{"title":"Schedule a time - Fl\u00e1via Lippi","description":"contato@idhl.com.br (55) 11 99638 1468 Select the type of schedule you need: 5 days a month I attend my office in Belo Horizonte. We issue legal invoices for co"},"footnotes":""},"class_list":["post-3212","page","type-page","status-publish","hentry"],"acf":[],"_links":{"self":[{"href":"https:\/\/flavialippi.com.br\/en\/wp-json\/wp\/v2\/pages\/3212","targetHints":{"allow":["GET"]}}],"collection":[{"href":"https:\/\/flavialippi.com.br\/en\/wp-json\/wp\/v2\/pages"}],"about":[{"href":"https:\/\/flavialippi.com.br\/en\/wp-json\/wp\/v2\/types\/page"}],"author":[{"embeddable":true,"href":"https:\/\/flavialippi.com.br\/en\/wp-json\/wp\/v2\/users\/3"}],"replies":[{"embeddable":true,"href":"https:\/\/flavialippi.com.br\/en\/wp-json\/wp\/v2\/comments?post=3212"}],"version-history":[{"count":0,"href":"https:\/\/flavialippi.com.br\/en\/wp-json\/wp\/v2\/pages\/3212\/revisions"}],"wp:attachment":[{"href":"https:\/\/flavialippi.com.br\/en\/wp-json\/wp\/v2\/media?parent=3212"}],"curies":[{"name":"wp","href":"https:\/\/api.w.org\/{rel}","templated":true}]}}